{"id":4736,"date":"2021-08-02T21:13:19","date_gmt":"2021-08-02T19:13:19","guid":{"rendered":"http:\/\/s883054896.online.de\/?page_id=4736"},"modified":"2025-02-19T15:18:19","modified_gmt":"2025-02-19T14:18:19","slug":"impressum","status":"publish","type":"page","link":"https:\/\/www.secanda.com\/de\/impressum\/","title":{"rendered":"SECANDA | Impressum"},"content":{"rendered":"<div class=\"fusion-fullwidth fullwidth-box fusion-builder-row-1 fusion-flex-container has-pattern-background has-mask-background nonhundred-percent-fullwidth non-hundred-percent-height-scrolling fusion-animated\" style=\"--awb-background-position:right top;--awb-border-radius-top-left:0px;--awb-border-radius-top-right:0px;--awb-border-radius-bottom-right:0px;--awb-border-radius-bottom-left:0px;--awb-padding-top:80px;--awb-padding-bottom:50px;--awb-padding-top-medium:50px;--awb-padding-right-medium:35px;--awb-padding-left-medium:35px;--awb-padding-right-small:15px;--awb-padding-left-small:15px;--awb-flex-wrap:wrap;\" data-animationType=\"fadeInUp\" data-animationDuration=\"1.0\" data-animationOffset=\"top-into-view\" ><div class=\"fusion-builder-row fusion-row fusion-flex-align-items-flex-start fusion-flex-content-wrap\" style=\"max-width:1352px;margin-left: calc(-4% \/ 2 );margin-right: calc(-4% \/ 2 );\"><div class=\"fusion-layout-column fusion_builder_column fusion-builder-column-0 fusion_builder_column_1_1 1_1 fusion-flex-column\" style=\"--awb-bg-size:cover;--awb-width-large:100%;--awb-margin-top-large:0px;--awb-spacing-right-large:1.92%;--awb-margin-bottom-large:80px;--awb-spacing-left-large:1.92%;--awb-width-medium:50%;--awb-order-medium:0;--awb-spacing-right-medium:3.84%;--awb-margin-bottom-medium:50px;--awb-spacing-left-medium:3.84%;--awb-width-small:100%;--awb-order-small:0;--awb-spacing-right-small:1.92%;--awb-spacing-left-small:1.92%;\"><div class=\"fusion-column-wrapper fusion-column-has-shadow fusion-flex-justify-content-flex-start fusion-content-layout-column\"><div class=\"fusion-title title fusion-title-1 fusion-sep-none fusion-title-text fusion-title-size-one fusion-animated\" style=\"--awb-text-color:#9b193f;--awb-margin-top-small:0px;--awb-margin-right-small:0px;--awb-margin-bottom-small:0px;--awb-margin-left-small:0px;\" data-animationType=\"fadeInUp\" data-animationDuration=\"1.0\" data-animationOffset=\"top-into-view\"><h1 class=\"fusion-title-heading title-heading-left\" style=\"margin:0;\">Impressum<\/h1><\/div><\/div><\/div><div class=\"fusion-layout-column fusion_builder_column fusion-builder-column-1 fusion_builder_column_1_1 1_1 fusion-flex-column\" style=\"--awb-bg-size:cover;--awb-width-large:100%;--awb-margin-top-large:0px;--awb-spacing-right-large:1.92%;--awb-margin-bottom-large:30px;--awb-spacing-left-large:1.92%;--awb-width-medium:100%;--awb-order-medium:0;--awb-spacing-right-medium:1.92%;--awb-spacing-left-medium:1.92%;--awb-width-small:100%;--awb-order-small:0;--awb-spacing-right-small:1.92%;--awb-spacing-left-small:1.92%;\"><div class=\"fusion-column-wrapper fusion-column-has-shadow fusion-flex-justify-content-flex-start fusion-content-layout-column\"><div class=\"fusion-title title fusion-title-2 fusion-sep-none fusion-title-text fusion-title-size-three\" style=\"--awb-text-color:var(--awb-color3);--awb-margin-bottom:30px;--awb-margin-top-small:0px;--awb-margin-right-small:0px;--awb-margin-bottom-small:30px;--awb-margin-left-small:0px;\"><h3 class=\"fusion-title-heading title-heading-left\" style=\"margin:0;\">SECANDA AG<\/h3><\/div><div class=\"fusion-text fusion-text-1\"><p>Marienstra\u00dfe 10<br \/>\nD-78054 Villingen-Schwenningen<\/p>\n<p>Telefon: +49 (0)7720 &#8211; 9945 &#8211; 0<br \/>\nTelefax: +49 (0)7720 &#8211; 9945 &#8211; 10<\/p>\n<\/div><\/div><\/div><div class=\"fusion-layout-column fusion_builder_column fusion-builder-column-2 fusion_builder_column_1_1 1_1 fusion-flex-column\" style=\"--awb-bg-size:cover;--awb-width-large:100%;--awb-margin-top-large:0px;--awb-spacing-right-large:1.92%;--awb-margin-bottom-large:40px;--awb-spacing-left-large:1.92%;--awb-width-medium:100%;--awb-order-medium:0;--awb-spacing-right-medium:1.92%;--awb-spacing-left-medium:1.92%;--awb-width-small:100%;--awb-order-small:0;--awb-spacing-right-small:1.92%;--awb-spacing-left-small:1.92%;\"><div class=\"fusion-column-wrapper fusion-column-has-shadow fusion-flex-justify-content-flex-start fusion-content-layout-column\"><div class=\"fusion-title title fusion-title-3 fusion-sep-none fusion-title-text fusion-title-size-three\" style=\"--awb-margin-bottom:30px;--awb-margin-top-small:0px;--awb-margin-right-small:0px;--awb-margin-bottom-small:30px;--awb-margin-left-small:0px;\"><h3 class=\"fusion-title-heading title-heading-left\" style=\"margin:0;\">Vertretungsberechtigter Vorstand:<\/h3><\/div><div class=\"fusion-text fusion-text-2\"><p>Gerson Riesle<\/p>\n<\/div><\/div><\/div><div class=\"fusion-layout-column fusion_builder_column fusion-builder-column-3 fusion_builder_column_1_1 1_1 fusion-flex-column\" style=\"--awb-bg-size:cover;--awb-width-large:100%;--awb-margin-top-large:0px;--awb-spacing-right-large:1.92%;--awb-margin-bottom-large:30px;--awb-spacing-left-large:1.92%;--awb-width-medium:100%;--awb-order-medium:0;--awb-spacing-right-medium:1.92%;--awb-spacing-left-medium:1.92%;--awb-width-small:100%;--awb-order-small:0;--awb-spacing-right-small:1.92%;--awb-spacing-left-small:1.92%;\"><div class=\"fusion-column-wrapper fusion-column-has-shadow fusion-flex-justify-content-flex-start fusion-content-layout-column\"><div class=\"fusion-title title fusion-title-4 fusion-sep-none fusion-title-text fusion-title-size-three\" style=\"--awb-margin-bottom:30px;--awb-margin-top-small:0px;--awb-margin-right-small:0px;--awb-margin-bottom-small:30px;--awb-margin-left-small:0px;\"><h3 class=\"fusion-title-heading title-heading-left\" style=\"margin:0;\">Mitglieder des Aufsichtsrates:<\/h3><\/div><div class=\"fusion-text fusion-text-3\"><p>Volker Rofalski (Vorsitzender)<br \/>\nManfred Rietzler<br \/>\nDr. Cornelius Boersch<br \/>\nNicholas Stanforth<\/p>\n<\/div><\/div><\/div><div class=\"fusion-layout-column fusion_builder_column fusion-builder-column-4 fusion_builder_column_1_1 1_1 fusion-flex-column\" style=\"--awb-bg-size:cover;--awb-width-large:100%;--awb-margin-top-large:0px;--awb-spacing-right-large:1.92%;--awb-margin-bottom-large:30px;--awb-spacing-left-large:1.92%;--awb-width-medium:100%;--awb-order-medium:0;--awb-spacing-right-medium:1.92%;--awb-spacing-left-medium:1.92%;--awb-width-small:100%;--awb-order-small:0;--awb-spacing-right-small:1.92%;--awb-spacing-left-small:1.92%;\"><div class=\"fusion-column-wrapper fusion-column-has-shadow fusion-flex-justify-content-flex-start fusion-content-layout-column\"><div class=\"fusion-title title fusion-title-5 fusion-sep-none fusion-title-text fusion-title-size-three\" style=\"--awb-margin-bottom:30px;--awb-margin-top-small:0px;--awb-margin-right-small:0px;--awb-margin-bottom-small:30px;--awb-margin-left-small:0px;\"><h3 class=\"fusion-title-heading title-heading-left\" style=\"margin:0;\">Registergericht<\/h3><\/div><div class=\"fusion-text fusion-text-4\"><p>Registernummer: HRB 603048<br \/>\nSteuernummer: 22107\/30160<\/p>\n<\/div><\/div><\/div><div class=\"fusion-layout-column fusion_builder_column fusion-builder-column-5 fusion_builder_column_1_1 1_1 fusion-flex-column\" style=\"--awb-bg-size:cover;--awb-width-large:100%;--awb-margin-top-large:0px;--awb-spacing-right-large:1.92%;--awb-margin-bottom-large:30px;--awb-spacing-left-large:1.92%;--awb-width-medium:100%;--awb-order-medium:0;--awb-spacing-right-medium:1.92%;--awb-spacing-left-medium:1.92%;--awb-width-small:100%;--awb-order-small:0;--awb-spacing-right-small:1.92%;--awb-spacing-left-small:1.92%;\"><div class=\"fusion-column-wrapper fusion-column-has-shadow fusion-flex-justify-content-flex-start fusion-content-layout-column\"><div class=\"fusion-title title fusion-title-6 fusion-sep-none fusion-title-text fusion-title-size-three\" style=\"--awb-margin-bottom:30px;--awb-margin-top-small:0px;--awb-margin-right-small:0px;--awb-margin-bottom-small:30px;--awb-margin-left-small:0px;\"><h3 class=\"fusion-title-heading title-heading-left\" style=\"margin:0;\">Inhaltlich Verantwortlicher gem\u00e4\u00df \u00a7 10 Absatz 3 MDStV:<\/h3><\/div><div class=\"fusion-text fusion-text-5\"><p>Gerson Riesle (Anschrift wie oben)<\/p>\n<\/div><\/div><\/div><div class=\"fusion-layout-column fusion_builder_column fusion-builder-column-6 fusion_builder_column_1_1 1_1 fusion-flex-column\" style=\"--awb-bg-size:cover;--awb-width-large:100%;--awb-margin-top-large:0px;--awb-spacing-right-large:1.92%;--awb-margin-bottom-large:80px;--awb-spacing-left-large:1.92%;--awb-width-medium:100%;--awb-order-medium:0;--awb-spacing-right-medium:1.92%;--awb-spacing-left-medium:1.92%;--awb-width-small:100%;--awb-order-small:0;--awb-spacing-right-small:1.92%;--awb-spacing-left-small:1.92%;\"><div class=\"fusion-column-wrapper fusion-column-has-shadow fusion-flex-justify-content-flex-start fusion-content-layout-column\"><div class=\"fusion-title title fusion-title-7 fusion-sep-none fusion-title-text fusion-title-size-three\" style=\"--awb-margin-bottom:30px;--awb-margin-top-small:0px;--awb-margin-right-small:0px;--awb-margin-bottom-small:30px;--awb-margin-left-small:0px;\"><h3 class=\"fusion-title-heading title-heading-left\" style=\"margin:0;\">Haftungshinweis<\/h3><\/div><div class=\"fusion-text fusion-text-6\"><p>Trotz sorgf\u00e4ltiger inhaltlicher Kontrolle \u00fcbernehmen wir keine Haftung f\u00fcr die Inhalte externer Links. F\u00fcr den Inhalt der ver\u00adlinkten Seiten sind ausschlie\u00dflich deren Betreiber verantwortlich.<\/p>\n<\/div><\/div><\/div><div class=\"fusion-layout-column fusion_builder_column fusion-builder-column-7 fusion_builder_column_1_1 1_1 fusion-flex-column\" style=\"--awb-bg-size:cover;--awb-width-large:100%;--awb-margin-top-large:0px;--awb-spacing-right-large:1.92%;--awb-margin-bottom-large:30px;--awb-spacing-left-large:1.92%;--awb-width-medium:100%;--awb-order-medium:0;--awb-spacing-right-medium:1.92%;--awb-spacing-left-medium:1.92%;--awb-width-small:100%;--awb-order-small:0;--awb-spacing-right-small:1.92%;--awb-spacing-left-small:1.92%;\"><div class=\"fusion-column-wrapper fusion-column-has-shadow fusion-flex-justify-content-flex-start fusion-content-layout-column\"><div class=\"fusion-title title fusion-title-8 fusion-sep-none fusion-title-text fusion-title-size-three\" style=\"--awb-text-color:var(--awb-color3);--awb-margin-bottom:30px;--awb-margin-top-small:0px;--awb-margin-right-small:0px;--awb-margin-bottom-small:30px;--awb-margin-left-small:0px;\"><h3 class=\"fusion-title-heading title-heading-left\" style=\"margin:0;\">SECANDA Systems AG<br \/>\n(vormals InterCard GmbH Kartensysteme, IntraKey technologies AG und H. Schom\u00e4cker GmbH)<\/h3><\/div><div class=\"fusion-text fusion-text-7\"><p>Marienstra\u00dfe 10<br \/>\nD-78054 Villingen-Schwenningen<\/p>\n<\/div><\/div><\/div><div class=\"fusion-layout-column fusion_builder_column fusion-builder-column-8 fusion_builder_column_1_1 1_1 fusion-flex-column\" style=\"--awb-bg-size:cover;--awb-width-large:100%;--awb-margin-top-large:0px;--awb-spacing-right-large:1.92%;--awb-margin-bottom-large:30px;--awb-spacing-left-large:1.92%;--awb-width-medium:100%;--awb-order-medium:0;--awb-spacing-right-medium:1.92%;--awb-spacing-left-medium:1.92%;--awb-width-small:100%;--awb-order-small:0;--awb-spacing-right-small:1.92%;--awb-spacing-left-small:1.92%;\"><div class=\"fusion-column-wrapper fusion-column-has-shadow fusion-flex-justify-content-flex-start fusion-content-layout-column\"><div class=\"fusion-title title fusion-title-9 fusion-sep-none fusion-title-text fusion-title-size-three\" style=\"--awb-margin-bottom:30px;--awb-margin-top-small:0px;--awb-margin-right-small:0px;--awb-margin-bottom-small:30px;--awb-margin-left-small:0px;\"><h3 class=\"fusion-title-heading title-heading-left\" style=\"margin:0;\">Vorstand:<\/h3><\/div><div class=\"fusion-text fusion-text-8\"><p>Gerson Riesle<br \/>\nSven D\u00e4beritz<\/p>\n<\/div><\/div><\/div><div class=\"fusion-layout-column fusion_builder_column fusion-builder-column-9 fusion_builder_column_1_1 1_1 fusion-flex-column\" style=\"--awb-bg-size:cover;--awb-width-large:100%;--awb-margin-top-large:0px;--awb-spacing-right-large:1.92%;--awb-margin-bottom-large:30px;--awb-spacing-left-large:1.92%;--awb-width-medium:100%;--awb-order-medium:0;--awb-spacing-right-medium:1.92%;--awb-spacing-left-medium:1.92%;--awb-width-small:100%;--awb-order-small:0;--awb-spacing-right-small:1.92%;--awb-spacing-left-small:1.92%;\"><div class=\"fusion-column-wrapper fusion-column-has-shadow fusion-flex-justify-content-flex-start fusion-content-layout-column\"><div class=\"fusion-title title fusion-title-10 fusion-sep-none fusion-title-text fusion-title-size-three\" style=\"--awb-margin-bottom:30px;--awb-margin-top-small:0px;--awb-margin-right-small:0px;--awb-margin-bottom-small:30px;--awb-margin-left-small:0px;\"><h3 class=\"fusion-title-heading title-heading-left\" style=\"margin:0;\">Mitglieder des Aufsichtsrates:<\/h3><\/div><div class=\"fusion-text fusion-text-9\"><p>Volker Rofalski (Vorsitzender)<br \/>\nManfred Rietzler<br \/>\nDr. Cornelius Boersch<br \/>\nNicholas Stanforth<\/p>\n<\/div><\/div><\/div><div class=\"fusion-layout-column fusion_builder_column fusion-builder-column-10 fusion_builder_column_1_1 1_1 fusion-flex-column\" style=\"--awb-bg-size:cover;--awb-width-large:100%;--awb-margin-top-large:0px;--awb-spacing-right-large:1.92%;--awb-margin-bottom-large:30px;--awb-spacing-left-large:1.92%;--awb-width-medium:100%;--awb-order-medium:0;--awb-spacing-right-medium:1.92%;--awb-spacing-left-medium:1.92%;--awb-width-small:100%;--awb-order-small:0;--awb-spacing-right-small:1.92%;--awb-spacing-left-small:1.92%;\"><div class=\"fusion-column-wrapper fusion-column-has-shadow fusion-flex-justify-content-flex-start fusion-content-layout-column\"><div class=\"fusion-title title fusion-title-11 fusion-sep-none fusion-title-text fusion-title-size-three\" style=\"--awb-margin-bottom:30px;--awb-margin-top-small:0px;--awb-margin-right-small:0px;--awb-margin-bottom-small:30px;--awb-margin-left-small:0px;\"><h3 class=\"fusion-title-heading title-heading-left\" style=\"margin:0;\">Registergericht<\/h3><\/div><div class=\"fusion-text fusion-text-10\"><p>Registernummer: HRB 727836<br \/>\nSteuernummer: 22107 \/ 30387<\/p>\n<\/div><\/div><\/div><div class=\"fusion-layout-column fusion_builder_column fusion-builder-column-11 fusion_builder_column_1_1 1_1 fusion-flex-column\" style=\"--awb-bg-size:cover;--awb-width-large:100%;--awb-margin-top-large:0px;--awb-spacing-right-large:1.92%;--awb-margin-bottom-large:30px;--awb-spacing-left-large:1.92%;--awb-width-medium:100%;--awb-order-medium:0;--awb-spacing-right-medium:1.92%;--awb-spacing-left-medium:1.92%;--awb-width-small:100%;--awb-order-small:0;--awb-spacing-right-small:1.92%;--awb-spacing-left-small:1.92%;\"><div class=\"fusion-column-wrapper fusion-column-has-shadow fusion-flex-justify-content-flex-start fusion-content-layout-column\"><div class=\"fusion-title title fusion-title-12 fusion-sep-none fusion-title-text fusion-title-size-three\" style=\"--awb-margin-bottom:30px;--awb-margin-top-small:0px;--awb-margin-right-small:0px;--awb-margin-bottom-small:30px;--awb-margin-left-small:0px;\"><h3 class=\"fusion-title-heading title-heading-left\" style=\"margin:0;\">Die Um\u00adsatz\u00adsteu\u00ader\u00adiden\u00adti\u00adfi\u00adka\u00adtions\u00adnum\u00admer der SECANDA Systems AG ist die V.A.T.:<\/h3><\/div><div class=\"fusion-text fusion-text-11\"><p>DE142986548<\/p>\n<\/div><\/div><\/div><div class=\"fusion-layout-column fusion_builder_column fusion-builder-column-12 fusion_builder_column_1_1 1_1 fusion-flex-column\" style=\"--awb-bg-size:cover;--awb-width-large:100%;--awb-margin-top-large:0px;--awb-spacing-right-large:1.92%;--awb-margin-bottom-large:30px;--awb-spacing-left-large:1.92%;--awb-width-medium:100%;--awb-order-medium:0;--awb-spacing-right-medium:1.92%;--awb-spacing-left-medium:1.92%;--awb-width-small:100%;--awb-order-small:0;--awb-spacing-right-small:1.92%;--awb-spacing-left-small:1.92%;\"><div class=\"fusion-column-wrapper fusion-column-has-shadow fusion-flex-justify-content-flex-start fusion-content-layout-column\"><div class=\"fusion-title title fusion-title-13 fusion-sep-none fusion-title-text fusion-title-size-three\" style=\"--awb-margin-bottom:30px;--awb-margin-top-small:0px;--awb-margin-right-small:0px;--awb-margin-bottom-small:30px;--awb-margin-left-small:0px;\"><h3 class=\"fusion-title-heading title-heading-left\" style=\"margin:0;\">Dieses Impressum gilt auch f\u00fcr unseren <a href=\"https:\/\/www.induux.de\/6373\">induux Showroom SECANDA Systems AG<\/a>.<\/h3><\/div><\/div><\/div><\/div><\/div>\n","protected":false},"excerpt":{"rendered":"","protected":false},"author":1,"featured_media":0,"parent":0,"menu_order":0,"comment_status":"closed","ping_status":"closed","template":"100-width.php","meta":{"footnotes":""},"class_list":["post-4736","page","type-page","status-publish","hentry"],"yoast_head":"<!-- This site is optimized with the Yoast SEO Premium plugin v27.6 (Yoast SEO v27.6) - https:\/\/yoast.com\/product\/yoast-seo-premium-wordpress\/ -->\n<title>SECANDA | Impressum<\/title>\n<meta name=\"description\" content=\"Impressum InterCard AG Informationssysteme\" \/>\n<meta name=\"robots\" content=\"index, follow, max-snippet:-1, max-image-preview:large, max-video-preview:-1\" \/>\n<link rel=\"canonical\" href=\"https:\/\/www.secanda.com\/de\/impressum\/\" \/>\n<meta property=\"og:locale\" content=\"de_DE\" \/>\n<meta property=\"og:type\" content=\"article\" \/>\n<meta property=\"og:title\" content=\"SECANDA | Impressum\" \/>\n<meta property=\"og:description\" content=\"Impressum InterCard AG Informationssysteme\" \/>\n<meta property=\"og:url\" content=\"https:\/\/www.secanda.com\/de\/impressum\/\" \/>\n<meta property=\"og:site_name\" content=\"SECANDA AG\" \/>\n<meta property=\"article:modified_time\" content=\"2025-02-19T14:18:19+00:00\" \/>\n<meta name=\"twitter:card\" content=\"summary_large_image\" \/>\n<meta name=\"twitter:label1\" content=\"Gesch\u00e4tzte Lesezeit\" \/>\n\t<meta name=\"twitter:data1\" content=\"1\u00a0Minute\" \/>\n<script type=\"application\/ld+json\" class=\"yoast-schema-graph\">{\"@context\":\"https:\\\/\\\/schema.org\",\"@graph\":[{\"@type\":\"WebPage\",\"@id\":\"https:\\\/\\\/www.secanda.com\\\/de\\\/impressum\\\/\",\"url\":\"https:\\\/\\\/www.secanda.com\\\/de\\\/impressum\\\/\",\"name\":\"SECANDA | Impressum\",\"isPartOf\":{\"@id\":\"https:\\\/\\\/www.secanda.com\\\/de\\\/#website\"},\"datePublished\":\"2021-08-02T19:13:19+00:00\",\"dateModified\":\"2025-02-19T14:18:19+00:00\",\"description\":\"Impressum InterCard AG Informationssysteme\",\"breadcrumb\":{\"@id\":\"https:\\\/\\\/www.secanda.com\\\/de\\\/impressum\\\/#breadcrumb\"},\"inLanguage\":\"de\",\"potentialAction\":[{\"@type\":\"ReadAction\",\"target\":[\"https:\\\/\\\/www.secanda.com\\\/de\\\/impressum\\\/\"]}]},{\"@type\":\"BreadcrumbList\",\"@id\":\"https:\\\/\\\/www.secanda.com\\\/de\\\/impressum\\\/#breadcrumb\",\"itemListElement\":[{\"@type\":\"ListItem\",\"position\":1,\"name\":\"Startseite\",\"item\":\"https:\\\/\\\/www.secanda.com\\\/de\\\/\"},{\"@type\":\"ListItem\",\"position\":2,\"name\":\"SECANDA | Impressum\"}]},{\"@type\":\"WebSite\",\"@id\":\"https:\\\/\\\/www.secanda.com\\\/de\\\/#website\",\"url\":\"https:\\\/\\\/www.secanda.com\\\/de\\\/\",\"name\":\"SECANDA AG\",\"description\":\"\",\"publisher\":{\"@id\":\"https:\\\/\\\/www.secanda.com\\\/de\\\/#organization\"},\"alternateName\":\"SECANDA\",\"potentialAction\":[{\"@type\":\"SearchAction\",\"target\":{\"@type\":\"EntryPoint\",\"urlTemplate\":\"https:\\\/\\\/www.secanda.com\\\/de\\\/?s={search_term_string}\"},\"query-input\":{\"@type\":\"PropertyValueSpecification\",\"valueRequired\":true,\"valueName\":\"search_term_string\"}}],\"inLanguage\":\"de\"},{\"@type\":\"Organization\",\"@id\":\"https:\\\/\\\/www.secanda.com\\\/de\\\/#organization\",\"name\":\"SECANDA Systems AG\",\"alternateName\":\"SECANDA\",\"url\":\"https:\\\/\\\/www.secanda.com\\\/de\\\/\",\"logo\":{\"@type\":\"ImageObject\",\"inLanguage\":\"de\",\"@id\":\"https:\\\/\\\/www.secanda.com\\\/de\\\/#\\\/schema\\\/logo\\\/image\\\/\",\"url\":\"https:\\\/\\\/www.secanda.com\\\/wp-content\\\/uploads\\\/2024\\\/10\\\/LT6-CorporateDesign-SECANDA_Signet_rot.png\",\"contentUrl\":\"https:\\\/\\\/www.secanda.com\\\/wp-content\\\/uploads\\\/2024\\\/10\\\/LT6-CorporateDesign-SECANDA_Signet_rot.png\",\"width\":465,\"height\":465,\"caption\":\"SECANDA Systems AG\"},\"image\":{\"@id\":\"https:\\\/\\\/www.secanda.com\\\/de\\\/#\\\/schema\\\/logo\\\/image\\\/\"},\"sameAs\":[\"https:\\\/\\\/www.linkedin.com\\\/company\\\/secanda\\\/\",\"https:\\\/\\\/www.xing.com\\\/pages\\\/secanda\",\"https:\\\/\\\/www.youtube.com\\\/@secanda2022\",\"https:\\\/\\\/www.instagram.com\\\/wearesecanda\\\/\"],\"description\":\"Die SECANDA Systems AG ist die gr\u00f6\u00dfte Tochtergesellschaft der SECANDA AG und ein f\u00fchrender Anbieter integrierter L\u00f6sungen f\u00fcr digitale Identit\u00e4ten, Zutrittskontrolle, Arbeitszeiterfassung, Payment und vernetzte ID-\u00d6kosysteme. Das Unternehmen entstand 2023 aus dem Zusammenschluss der langj\u00e4hrig etablierten Spezialisten InterCard GmbH Kartensysteme, IntraKey technologies AG und H. Schom\u00e4cker GmbH und vereint mehr als f\u00fcnf Jahrzehnte Expertise im Bereich Identifikations- und Kartentechnologien.\",\"email\":\"info@secanda.com\",\"telephone\":\"+49 7720 9945 0\",\"legalName\":\"SECANDA Systems AG\",\"foundingDate\":\"1978-12-07\",\"vatID\":\"DE142986548\",\"numberOfEmployees\":{\"@type\":\"QuantitativeValue\",\"minValue\":\"51\",\"maxValue\":\"200\"}}]}<\/script>\n<!-- \/ Yoast SEO Premium plugin. -->","yoast_head_json":{"title":"SECANDA | Impressum","description":"Impressum InterCard AG Informationssysteme","robots":{"index":"index","follow":"follow","max-snippet":"max-snippet:-1","max-image-preview":"max-image-preview:large","max-video-preview":"max-video-preview:-1"},"canonical":"https:\/\/www.secanda.com\/de\/impressum\/","og_locale":"de_DE","og_type":"article","og_title":"SECANDA | Impressum","og_description":"Impressum InterCard AG Informationssysteme","og_url":"https:\/\/www.secanda.com\/de\/impressum\/","og_site_name":"SECANDA AG","article_modified_time":"2025-02-19T14:18:19+00:00","twitter_card":"summary_large_image","twitter_misc":{"Gesch\u00e4tzte Lesezeit":"1\u00a0Minute"},"schema":{"@context":"https:\/\/schema.org","@graph":[{"@type":"WebPage","@id":"https:\/\/www.secanda.com\/de\/impressum\/","url":"https:\/\/www.secanda.com\/de\/impressum\/","name":"SECANDA | Impressum","isPartOf":{"@id":"https:\/\/www.secanda.com\/de\/#website"},"datePublished":"2021-08-02T19:13:19+00:00","dateModified":"2025-02-19T14:18:19+00:00","description":"Impressum InterCard AG Informationssysteme","breadcrumb":{"@id":"https:\/\/www.secanda.com\/de\/impressum\/#breadcrumb"},"inLanguage":"de","potentialAction":[{"@type":"ReadAction","target":["https:\/\/www.secanda.com\/de\/impressum\/"]}]},{"@type":"BreadcrumbList","@id":"https:\/\/www.secanda.com\/de\/impressum\/#breadcrumb","itemListElement":[{"@type":"ListItem","position":1,"name":"Startseite","item":"https:\/\/www.secanda.com\/de\/"},{"@type":"ListItem","position":2,"name":"SECANDA | Impressum"}]},{"@type":"WebSite","@id":"https:\/\/www.secanda.com\/de\/#website","url":"https:\/\/www.secanda.com\/de\/","name":"SECANDA AG","description":"","publisher":{"@id":"https:\/\/www.secanda.com\/de\/#organization"},"alternateName":"SECANDA","potentialAction":[{"@type":"SearchAction","target":{"@type":"EntryPoint","urlTemplate":"https:\/\/www.secanda.com\/de\/?s={search_term_string}"},"query-input":{"@type":"PropertyValueSpecification","valueRequired":true,"valueName":"search_term_string"}}],"inLanguage":"de"},{"@type":"Organization","@id":"https:\/\/www.secanda.com\/de\/#organization","name":"SECANDA Systems AG","alternateName":"SECANDA","url":"https:\/\/www.secanda.com\/de\/","logo":{"@type":"ImageObject","inLanguage":"de","@id":"https:\/\/www.secanda.com\/de\/#\/schema\/logo\/image\/","url":"https:\/\/www.secanda.com\/wp-content\/uploads\/2024\/10\/LT6-CorporateDesign-SECANDA_Signet_rot.png","contentUrl":"https:\/\/www.secanda.com\/wp-content\/uploads\/2024\/10\/LT6-CorporateDesign-SECANDA_Signet_rot.png","width":465,"height":465,"caption":"SECANDA Systems AG"},"image":{"@id":"https:\/\/www.secanda.com\/de\/#\/schema\/logo\/image\/"},"sameAs":["https:\/\/www.linkedin.com\/company\/secanda\/","https:\/\/www.xing.com\/pages\/secanda","https:\/\/www.youtube.com\/@secanda2022","https:\/\/www.instagram.com\/wearesecanda\/"],"description":"Die SECANDA Systems AG ist die gr\u00f6\u00dfte Tochtergesellschaft der SECANDA AG und ein f\u00fchrender Anbieter integrierter L\u00f6sungen f\u00fcr digitale Identit\u00e4ten, Zutrittskontrolle, Arbeitszeiterfassung, Payment und vernetzte ID-\u00d6kosysteme. Das Unternehmen entstand 2023 aus dem Zusammenschluss der langj\u00e4hrig etablierten Spezialisten InterCard GmbH Kartensysteme, IntraKey technologies AG und H. Schom\u00e4cker GmbH und vereint mehr als f\u00fcnf Jahrzehnte Expertise im Bereich Identifikations- und Kartentechnologien.","email":"info@secanda.com","telephone":"+49 7720 9945 0","legalName":"SECANDA Systems AG","foundingDate":"1978-12-07","vatID":"DE142986548","numberOfEmployees":{"@type":"QuantitativeValue","minValue":"51","maxValue":"200"}}]}},"_links":{"self":[{"href":"https:\/\/www.secanda.com\/de\/wp-json\/wp\/v2\/pages\/4736","targetHints":{"allow":["GET"]}}],"collection":[{"href":"https:\/\/www.secanda.com\/de\/wp-json\/wp\/v2\/pages"}],"about":[{"href":"https:\/\/www.secanda.com\/de\/wp-json\/wp\/v2\/types\/page"}],"author":[{"embeddable":true,"href":"https:\/\/www.secanda.com\/de\/wp-json\/wp\/v2\/users\/1"}],"replies":[{"embeddable":true,"href":"https:\/\/www.secanda.com\/de\/wp-json\/wp\/v2\/comments?post=4736"}],"version-history":[{"count":9,"href":"https:\/\/www.secanda.com\/de\/wp-json\/wp\/v2\/pages\/4736\/revisions"}],"predecessor-version":[{"id":32610,"href":"https:\/\/www.secanda.com\/de\/wp-json\/wp\/v2\/pages\/4736\/revisions\/32610"}],"wp:attachment":[{"href":"https:\/\/www.secanda.com\/de\/wp-json\/wp\/v2\/media?parent=4736"}],"curies":[{"name":"wp","href":"https:\/\/api.w.org\/{rel}","templated":true}]}}