{"id":32254,"date":"2024-12-11T15:36:07","date_gmt":"2024-12-11T14:36:07","guid":{"rendered":"https:\/\/www.secanda.com\/?page_id=32254"},"modified":"2025-02-06T16:58:00","modified_gmt":"2025-02-06T15:58:00","slug":"intrakey-interner-bereich","status":"publish","type":"page","link":"https:\/\/www.secanda.com\/de\/service\/intrakey-interner-bereich\/","title":{"rendered":"SECANDA | IntraKey &#8211; Interner Bereich"},"content":{"rendered":"<div class=\"fusion-fullwidth fullwidth-box fusion-builder-row-1 fusion-flex-container has-pattern-background has-mask-background nonhundred-percent-fullwidth non-hundred-percent-height-scrolling\" style=\"--awb-border-radius-top-left:0px;--awb-border-radius-top-right:0px;--awb-border-radius-bottom-right:0px;--awb-border-radius-bottom-left:0px;--awb-margin-top:50px;--awb-flex-wrap:wrap;\" ><div class=\"fusion-builder-row fusion-row fusion-flex-align-items-flex-start fusion-flex-content-wrap\" style=\"max-width:1352px;margin-left: calc(-4% \/ 2 );margin-right: calc(-4% \/ 2 );\"><div class=\"fusion-layout-column fusion_builder_column fusion-builder-column-0 fusion_builder_column_1_1 1_1 fusion-flex-column\" style=\"--awb-bg-size:cover;--awb-width-large:100%;--awb-margin-top-large:0px;--awb-spacing-right-large:1.92%;--awb-margin-bottom-large:0px;--awb-spacing-left-large:1.92%;--awb-width-medium:100%;--awb-order-medium:0;--awb-spacing-right-medium:1.92%;--awb-spacing-left-medium:1.92%;--awb-width-small:100%;--awb-order-small:0;--awb-spacing-right-small:1.92%;--awb-spacing-left-small:1.92%;\"><div class=\"fusion-column-wrapper fusion-column-has-shadow fusion-flex-justify-content-flex-start fusion-content-layout-column\"><div class=\"fusion-text fusion-text-1\"><p><iframe src=\"https:\/\/www.secanda.com\/intrakey\/login.php\" name=\"Login\" width=\"100%\" height=\"1000\"><span style=\"display: inline-block; width: 0px; overflow: hidden; line-height: 0;\" data-mce-type=\"bookmark\" class=\"mce_SELRES_start\">\ufeff<\/span><\/iframe><\/p>\n<\/div><\/div><\/div><\/div><\/div>\n","protected":false},"excerpt":{"rendered":"","protected":false},"author":1,"featured_media":0,"parent":25362,"menu_order":0,"comment_status":"closed","ping_status":"closed","template":"","meta":{"footnotes":""},"class_list":["post-32254","page","type-page","status-publish","hentry"],"yoast_head":"<!-- This site is optimized with the Yoast SEO Premium plugin v27.4 (Yoast SEO v27.4) - https:\/\/yoast.com\/product\/yoast-seo-premium-wordpress\/ -->\n<title>SECANDA | IntraKey - Interner Bereich - SECANDA AG<\/title>\n<meta name=\"robots\" content=\"index, follow, max-snippet:-1, max-image-preview:large, max-video-preview:-1\" \/>\n<link rel=\"canonical\" href=\"https:\/\/www.secanda.com\/de\/service\/intrakey-interner-bereich\/\" \/>\n<meta property=\"og:locale\" content=\"de_DE\" \/>\n<meta property=\"og:type\" content=\"article\" \/>\n<meta property=\"og:title\" content=\"SECANDA | IntraKey - Interner Bereich\" \/>\n<meta property=\"og:url\" content=\"https:\/\/www.secanda.com\/de\/service\/intrakey-interner-bereich\/\" \/>\n<meta property=\"og:site_name\" content=\"SECANDA AG\" \/>\n<meta property=\"article:modified_time\" content=\"2025-02-06T15:58:00+00:00\" \/>\n<meta name=\"twitter:card\" content=\"summary_large_image\" \/>\n<script type=\"application\/ld+json\" class=\"yoast-schema-graph\">{\"@context\":\"https:\\\/\\\/schema.org\",\"@graph\":[{\"@type\":\"WebPage\",\"@id\":\"https:\\\/\\\/www.secanda.com\\\/de\\\/service\\\/intrakey-interner-bereich\\\/\",\"url\":\"https:\\\/\\\/www.secanda.com\\\/de\\\/service\\\/intrakey-interner-bereich\\\/\",\"name\":\"SECANDA | IntraKey - Interner Bereich - SECANDA AG\",\"isPartOf\":{\"@id\":\"https:\\\/\\\/www.secanda.com\\\/de\\\/#website\"},\"datePublished\":\"2024-12-11T14:36:07+00:00\",\"dateModified\":\"2025-02-06T15:58:00+00:00\",\"breadcrumb\":{\"@id\":\"https:\\\/\\\/www.secanda.com\\\/de\\\/service\\\/intrakey-interner-bereich\\\/#breadcrumb\"},\"inLanguage\":\"de\",\"potentialAction\":[{\"@type\":\"ReadAction\",\"target\":[\"https:\\\/\\\/www.secanda.com\\\/de\\\/service\\\/intrakey-interner-bereich\\\/\"]}]},{\"@type\":\"BreadcrumbList\",\"@id\":\"https:\\\/\\\/www.secanda.com\\\/de\\\/service\\\/intrakey-interner-bereich\\\/#breadcrumb\",\"itemListElement\":[{\"@type\":\"ListItem\",\"position\":1,\"name\":\"Startseite\",\"item\":\"https:\\\/\\\/www.secanda.com\\\/de\\\/\"},{\"@type\":\"ListItem\",\"position\":2,\"name\":\"SECANDA | Service\",\"item\":\"https:\\\/\\\/www.secanda.com\\\/de\\\/service\\\/\"},{\"@type\":\"ListItem\",\"position\":3,\"name\":\"SECANDA | IntraKey &#8211; Interner Bereich\"}]},{\"@type\":\"WebSite\",\"@id\":\"https:\\\/\\\/www.secanda.com\\\/de\\\/#website\",\"url\":\"https:\\\/\\\/www.secanda.com\\\/de\\\/\",\"name\":\"SECANDA AG\",\"description\":\"\",\"publisher\":{\"@id\":\"https:\\\/\\\/www.secanda.com\\\/de\\\/#organization\"},\"alternateName\":\"SECANDA\",\"potentialAction\":[{\"@type\":\"SearchAction\",\"target\":{\"@type\":\"EntryPoint\",\"urlTemplate\":\"https:\\\/\\\/www.secanda.com\\\/de\\\/?s={search_term_string}\"},\"query-input\":{\"@type\":\"PropertyValueSpecification\",\"valueRequired\":true,\"valueName\":\"search_term_string\"}}],\"inLanguage\":\"de\"},{\"@type\":\"Organization\",\"@id\":\"https:\\\/\\\/www.secanda.com\\\/de\\\/#organization\",\"name\":\"SECANDA Systems AG\",\"alternateName\":\"SECANDA\",\"url\":\"https:\\\/\\\/www.secanda.com\\\/de\\\/\",\"logo\":{\"@type\":\"ImageObject\",\"inLanguage\":\"de\",\"@id\":\"https:\\\/\\\/www.secanda.com\\\/de\\\/#\\\/schema\\\/logo\\\/image\\\/\",\"url\":\"https:\\\/\\\/www.secanda.com\\\/wp-content\\\/uploads\\\/2024\\\/10\\\/LT6-CorporateDesign-SECANDA_Signet_rot.png\",\"contentUrl\":\"https:\\\/\\\/www.secanda.com\\\/wp-content\\\/uploads\\\/2024\\\/10\\\/LT6-CorporateDesign-SECANDA_Signet_rot.png\",\"width\":465,\"height\":465,\"caption\":\"SECANDA Systems AG\"},\"image\":{\"@id\":\"https:\\\/\\\/www.secanda.com\\\/de\\\/#\\\/schema\\\/logo\\\/image\\\/\"},\"sameAs\":[\"https:\\\/\\\/www.linkedin.com\\\/company\\\/secanda\\\/\",\"https:\\\/\\\/www.xing.com\\\/pages\\\/secanda\",\"https:\\\/\\\/www.youtube.com\\\/@secanda2022\",\"https:\\\/\\\/www.instagram.com\\\/wearesecanda\\\/\"],\"description\":\"Die SECANDA Systems AG ist die gr\u00f6\u00dfte Tochtergesellschaft der SECANDA AG und ein f\u00fchrender Anbieter integrierter L\u00f6sungen f\u00fcr digitale Identit\u00e4ten, Zutrittskontrolle, Arbeitszeiterfassung, Payment und vernetzte ID-\u00d6kosysteme. Das Unternehmen entstand 2023 aus dem Zusammenschluss der langj\u00e4hrig etablierten Spezialisten InterCard GmbH Kartensysteme, IntraKey technologies AG und H. Schom\u00e4cker GmbH und vereint mehr als f\u00fcnf Jahrzehnte Expertise im Bereich Identifikations- und Kartentechnologien.\",\"email\":\"info@secanda.com\",\"telephone\":\"+49 7720 9945 0\",\"legalName\":\"SECANDA Systems AG\",\"foundingDate\":\"1978-12-07\",\"vatID\":\"DE142986548\",\"numberOfEmployees\":{\"@type\":\"QuantitativeValue\",\"minValue\":\"51\",\"maxValue\":\"200\"}}]}<\/script>\n<!-- \/ Yoast SEO Premium plugin. -->","yoast_head_json":{"title":"SECANDA | IntraKey - Interner Bereich - SECANDA AG","robots":{"index":"index","follow":"follow","max-snippet":"max-snippet:-1","max-image-preview":"max-image-preview:large","max-video-preview":"max-video-preview:-1"},"canonical":"https:\/\/www.secanda.com\/de\/service\/intrakey-interner-bereich\/","og_locale":"de_DE","og_type":"article","og_title":"SECANDA | IntraKey - Interner Bereich","og_url":"https:\/\/www.secanda.com\/de\/service\/intrakey-interner-bereich\/","og_site_name":"SECANDA AG","article_modified_time":"2025-02-06T15:58:00+00:00","twitter_card":"summary_large_image","schema":{"@context":"https:\/\/schema.org","@graph":[{"@type":"WebPage","@id":"https:\/\/www.secanda.com\/de\/service\/intrakey-interner-bereich\/","url":"https:\/\/www.secanda.com\/de\/service\/intrakey-interner-bereich\/","name":"SECANDA | IntraKey - Interner Bereich - SECANDA AG","isPartOf":{"@id":"https:\/\/www.secanda.com\/de\/#website"},"datePublished":"2024-12-11T14:36:07+00:00","dateModified":"2025-02-06T15:58:00+00:00","breadcrumb":{"@id":"https:\/\/www.secanda.com\/de\/service\/intrakey-interner-bereich\/#breadcrumb"},"inLanguage":"de","potentialAction":[{"@type":"ReadAction","target":["https:\/\/www.secanda.com\/de\/service\/intrakey-interner-bereich\/"]}]},{"@type":"BreadcrumbList","@id":"https:\/\/www.secanda.com\/de\/service\/intrakey-interner-bereich\/#breadcrumb","itemListElement":[{"@type":"ListItem","position":1,"name":"Startseite","item":"https:\/\/www.secanda.com\/de\/"},{"@type":"ListItem","position":2,"name":"SECANDA | Service","item":"https:\/\/www.secanda.com\/de\/service\/"},{"@type":"ListItem","position":3,"name":"SECANDA | IntraKey &#8211; Interner Bereich"}]},{"@type":"WebSite","@id":"https:\/\/www.secanda.com\/de\/#website","url":"https:\/\/www.secanda.com\/de\/","name":"SECANDA AG","description":"","publisher":{"@id":"https:\/\/www.secanda.com\/de\/#organization"},"alternateName":"SECANDA","potentialAction":[{"@type":"SearchAction","target":{"@type":"EntryPoint","urlTemplate":"https:\/\/www.secanda.com\/de\/?s={search_term_string}"},"query-input":{"@type":"PropertyValueSpecification","valueRequired":true,"valueName":"search_term_string"}}],"inLanguage":"de"},{"@type":"Organization","@id":"https:\/\/www.secanda.com\/de\/#organization","name":"SECANDA Systems AG","alternateName":"SECANDA","url":"https:\/\/www.secanda.com\/de\/","logo":{"@type":"ImageObject","inLanguage":"de","@id":"https:\/\/www.secanda.com\/de\/#\/schema\/logo\/image\/","url":"https:\/\/www.secanda.com\/wp-content\/uploads\/2024\/10\/LT6-CorporateDesign-SECANDA_Signet_rot.png","contentUrl":"https:\/\/www.secanda.com\/wp-content\/uploads\/2024\/10\/LT6-CorporateDesign-SECANDA_Signet_rot.png","width":465,"height":465,"caption":"SECANDA Systems AG"},"image":{"@id":"https:\/\/www.secanda.com\/de\/#\/schema\/logo\/image\/"},"sameAs":["https:\/\/www.linkedin.com\/company\/secanda\/","https:\/\/www.xing.com\/pages\/secanda","https:\/\/www.youtube.com\/@secanda2022","https:\/\/www.instagram.com\/wearesecanda\/"],"description":"Die SECANDA Systems AG ist die gr\u00f6\u00dfte Tochtergesellschaft der SECANDA AG und ein f\u00fchrender Anbieter integrierter L\u00f6sungen f\u00fcr digitale Identit\u00e4ten, Zutrittskontrolle, Arbeitszeiterfassung, Payment und vernetzte ID-\u00d6kosysteme. Das Unternehmen entstand 2023 aus dem Zusammenschluss der langj\u00e4hrig etablierten Spezialisten InterCard GmbH Kartensysteme, IntraKey technologies AG und H. Schom\u00e4cker GmbH und vereint mehr als f\u00fcnf Jahrzehnte Expertise im Bereich Identifikations- und Kartentechnologien.","email":"info@secanda.com","telephone":"+49 7720 9945 0","legalName":"SECANDA Systems AG","foundingDate":"1978-12-07","vatID":"DE142986548","numberOfEmployees":{"@type":"QuantitativeValue","minValue":"51","maxValue":"200"}}]}},"_links":{"self":[{"href":"https:\/\/www.secanda.com\/de\/wp-json\/wp\/v2\/pages\/32254","targetHints":{"allow":["GET"]}}],"collection":[{"href":"https:\/\/www.secanda.com\/de\/wp-json\/wp\/v2\/pages"}],"about":[{"href":"https:\/\/www.secanda.com\/de\/wp-json\/wp\/v2\/types\/page"}],"author":[{"embeddable":true,"href":"https:\/\/www.secanda.com\/de\/wp-json\/wp\/v2\/users\/1"}],"replies":[{"embeddable":true,"href":"https:\/\/www.secanda.com\/de\/wp-json\/wp\/v2\/comments?post=32254"}],"version-history":[{"count":13,"href":"https:\/\/www.secanda.com\/de\/wp-json\/wp\/v2\/pages\/32254\/revisions"}],"predecessor-version":[{"id":32274,"href":"https:\/\/www.secanda.com\/de\/wp-json\/wp\/v2\/pages\/32254\/revisions\/32274"}],"up":[{"embeddable":true,"href":"https:\/\/www.secanda.com\/de\/wp-json\/wp\/v2\/pages\/25362"}],"wp:attachment":[{"href":"https:\/\/www.secanda.com\/de\/wp-json\/wp\/v2\/media?parent=32254"}],"curies":[{"name":"wp","href":"https:\/\/api.w.org\/{rel}","templated":true}]}}